{"id":6241,"date":"2018-02-16T07:51:19","date_gmt":"2018-02-16T06:51:19","guid":{"rendered":"https:\/\/man-in-tree.at\/?page_id=6241"},"modified":"2023-11-09T13:06:01","modified_gmt":"2023-11-09T12:06:01","slug":"impressum","status":"publish","type":"page","link":"https:\/\/man-in-tree.at\/?page_id=6241","title":{"rendered":"Impressum"},"content":{"rendered":"<section class=\"l-section wpb_row height_medium\"><div class=\"l-section-h i-cf\"><div class=\"g-cols vc_row via_flex valign_top type_default stacking_default\"><div class=\"vc_col-sm-12 wpb_column vc_column_container\"><div class=\"vc_column-inner\"><div class=\"wpb_wrapper\"><div class=\"wpb_text_column\"><div class=\"wpb_wrapper\"><h4>Impressum<\/h4>\n<p><b>Informationen und Offenlegung gem\u00e4\u00df &sect;5 (1) ECG, &sect; 25 MedienG, &sect; 63 GewO und &sect; 14 UGB<\/b><\/p>\n<p><b>Webseitenbetreiber:<\/b> MAN IN TrEE, Johannes Scheiber<\/p>\n<p><b>Anschrift:<\/b> Schulstra\u00dfe 17, 7221 Marz<\/p>\n<p><b>UID-Nr:<\/b> <br \/> <b>Gewerbeaufsichtbeh\u00f6rde:<\/b> BH Mattersburg <br \/> <b>Mitgliedschaften:<\/b>Wirtschaftkammer Burgenland und Junge Wirtschaft<\/p>\n<p><b>Kontaktdaten:<\/b> <br \/> Telefon: +43 (0) 664\/216 6057 <br \/> Email: man-in-tree@gmx.at <br \/> Fax: <\/p>\n<p><b>Anwendbare Rechtsvorschrift:<\/b> www.ris.bka.gv.at <br \/> <b>Berufsbezeichnung:<\/b> <\/p>\n<p><b>Online Streitbeilegung:<\/b> Verbraucher, welche in \u00d6sterreich oder in einem sonstigen Vertragsstaat der ODR-VO niedergelassen sind, haben die M\u00f6glichkeit Probleme bez\u00fcglich dem entgeltlichen Kauf von Waren oder Dienstleistungen im Rahmen einer Online-Streitbeilegung (nach OS, AStG) zu l\u00f6sen. Die Europa\u0308ische Kommission stellt eine Plattform hierf\u00fcr bereit: https:\/\/ec.europa.eu\/consumers\/odr<\/p>\n<p><b>Urheberrecht:<\/b> Die Inhalte dieser Webseite unterliegen, soweit dies rechtlich m\u00f6glich ist, diversen Schutzrechten (z.B dem Urheberrecht). Jegliche Verwendung\/Verbreitung von bereitgestelltem Material, welche urheberrechtlich untersagt ist, bedarf schriftlicher Zustimmung des Webseitenbetreibers.<\/p>\n<p><b>Haftungsausschluss:<\/b> Trotz sorgf\u00e4ltiger inhaltlicher Kontrolle \u00fcbernimmt der Webseitenbetreiber dieser Webseite keine Haftung f\u00fcr die Inhalte externer Links. F\u00fcr den Inhalt der verlinkten Seiten sind ausschlie\u00dflich deren Betreiber verantwortlich. Sollten Sie dennoch auf ausgehende Links aufmerksam werden, welche auf eine Webseite mit rechtswidriger T\u00e4tigkeit\/Information verweisen, ersuchen wir um dementsprechenden Hinweis, um diese nach \u00a7 17 Abs. 2 ECG umgehend zu entfernen.<br \/>Die Urheberrechte Dritter werden vom Betreiber dieser Webseite mit gr\u00f6\u00dfter Sorgfalt beachtet. Sollten Sie trotzdem auf eine Urheberrechtsverletzung aufmerksam werden, bitten wir um einen entsprechenden Hinweis. Bei Bekanntwerden derartiger Rechtsverletzungen werden wir den betroffenen Inhalt umgehend entfernen.<\/p>\n<p>Quelle: <b><a href=\"https:\/\/www.rechtstexte-generator.at\/dsgvo-generator-oesterreich\/\">Datenschutz DSGVO Generator<\/a><\/b> in Kooperation mit <br \/><b><a href=\"https:\/\/www.ortner-rechtsanwalt.at\/rechtsanwalt-eherecht-scheidungsrecht-obsorgerecht\/\">Rechtsanwalt Wien Scheidung<\/a><\/b><\/p>\n<\/div><\/div><\/div><\/div><\/div><\/div><\/div><\/section>\n","protected":false},"excerpt":{"rendered":"Impressum Informationen und Offenlegung gem\u00e4\u00df &sect;5 (1) ECG, &sect; 25 MedienG, &sect; 63 GewO und &sect; 14 UGB Webseitenbetreiber: MAN IN TrEE, Johannes Scheiber Anschrift: Schulstra\u00dfe 17, 7221 Marz UID-Nr: Gewerbeaufsichtbeh\u00f6rde: BH Mattersburg Mitgliedschaften:Wirtschaftkammer Burgenland und Junge Wirtschaft Kontaktdaten: Telefon: +43 (0) 664\/216 6057 Email: man-in-tree@gmx.at Fax: Anwendbare Rechtsvorschrift: www.ris.bka.gv.at Berufsbezeichnung: Online Streitbeilegung: Verbraucher, welche...","protected":false},"author":1,"featured_media":0,"parent":0,"menu_order":0,"comment_status":"closed","ping_status":"closed","template":"","meta":{"footnotes":""},"class_list":["post-6241","page","type-page","status-publish","hentry"],"yoast_head":"<!-- This site is optimized with the Yoast SEO plugin v27.5 - https:\/\/yoast.com\/product\/yoast-seo-wordpress\/ -->\n<title>Impressum &#8211; Man in TrEE<\/title>\n<meta name=\"robots\" content=\"noindex, nofollow\" \/>\n<meta property=\"og:locale\" content=\"de_DE\" \/>\n<meta property=\"og:type\" content=\"article\" \/>\n<meta property=\"og:title\" content=\"Impressum &#8211; Man in TrEE\" \/>\n<meta property=\"og:url\" content=\"https:\/\/man-in-tree.at\/?page_id=6241\" \/>\n<meta property=\"og:site_name\" content=\"Man in TrEE\" \/>\n<meta property=\"article:modified_time\" content=\"2023-11-09T12:06:01+00:00\" \/>\n<meta name=\"twitter:card\" content=\"summary_large_image\" \/>\n<meta name=\"twitter:label1\" content=\"Gesch\u00e4tzte Lesezeit\" \/>\n\t<meta name=\"twitter:data1\" content=\"3\u00a0Minuten\" \/>\n<script type=\"application\/ld+json\" class=\"yoast-schema-graph\">{\"@context\":\"https:\\\/\\\/schema.org\",\"@graph\":[{\"@type\":\"WebPage\",\"@id\":\"https:\\\/\\\/man-in-tree.at\\\/?page_id=6241\",\"url\":\"https:\\\/\\\/man-in-tree.at\\\/?page_id=6241\",\"name\":\"Impressum &#8211; Man in TrEE\",\"isPartOf\":{\"@id\":\"https:\\\/\\\/man-in-tree.at\\\/#website\"},\"datePublished\":\"2018-02-16T06:51:19+00:00\",\"dateModified\":\"2023-11-09T12:06:01+00:00\",\"breadcrumb\":{\"@id\":\"https:\\\/\\\/man-in-tree.at\\\/?page_id=6241#breadcrumb\"},\"inLanguage\":\"de\",\"potentialAction\":[{\"@type\":\"ReadAction\",\"target\":[\"https:\\\/\\\/man-in-tree.at\\\/?page_id=6241\"]}]},{\"@type\":\"BreadcrumbList\",\"@id\":\"https:\\\/\\\/man-in-tree.at\\\/?page_id=6241#breadcrumb\",\"itemListElement\":[{\"@type\":\"ListItem\",\"position\":1,\"name\":\"Startseite\",\"item\":\"https:\\\/\\\/man-in-tree.at\\\/\"},{\"@type\":\"ListItem\",\"position\":2,\"name\":\"Impressum\"}]},{\"@type\":\"WebSite\",\"@id\":\"https:\\\/\\\/man-in-tree.at\\\/#website\",\"url\":\"https:\\\/\\\/man-in-tree.at\\\/\",\"name\":\"Man in TrEE\",\"description\":\"MAN IN TrEE Baumabtragungen Brennholz Holzschl\u00e4gerung Spezialf\u00e4llungen\",\"publisher\":{\"@id\":\"https:\\\/\\\/man-in-tree.at\\\/#organization\"},\"potentialAction\":[{\"@type\":\"SearchAction\",\"target\":{\"@type\":\"EntryPoint\",\"urlTemplate\":\"https:\\\/\\\/man-in-tree.at\\\/?s={search_term_string}\"},\"query-input\":{\"@type\":\"PropertyValueSpecification\",\"valueRequired\":true,\"valueName\":\"search_term_string\"}}],\"inLanguage\":\"de\"},{\"@type\":\"Organization\",\"@id\":\"https:\\\/\\\/man-in-tree.at\\\/#organization\",\"name\":\"MAN IN TrEE \u2013 Johannes Scheiber\",\"url\":\"https:\\\/\\\/man-in-tree.at\\\/\",\"logo\":{\"@type\":\"ImageObject\",\"inLanguage\":\"de\",\"@id\":\"https:\\\/\\\/man-in-tree.at\\\/#\\\/schema\\\/logo\\\/image\\\/\",\"url\":\"https:\\\/\\\/man-in-tree.at\\\/wp-content\\\/uploads\\\/2018\\\/02\\\/man-in-tree-logo.png\",\"contentUrl\":\"https:\\\/\\\/man-in-tree.at\\\/wp-content\\\/uploads\\\/2018\\\/02\\\/man-in-tree-logo.png\",\"width\":860,\"height\":607,\"caption\":\"MAN IN TrEE \u2013 Johannes Scheiber\"},\"image\":{\"@id\":\"https:\\\/\\\/man-in-tree.at\\\/#\\\/schema\\\/logo\\\/image\\\/\"},\"sameAs\":[\"http:\\\/\\\/www.instagram.com\\\/man_in_tree10\"]}]}<\/script>\n<!-- \/ Yoast SEO plugin. -->","yoast_head_json":{"title":"Impressum &#8211; Man in TrEE","robots":{"index":"noindex","follow":"nofollow"},"og_locale":"de_DE","og_type":"article","og_title":"Impressum &#8211; Man in TrEE","og_url":"https:\/\/man-in-tree.at\/?page_id=6241","og_site_name":"Man in TrEE","article_modified_time":"2023-11-09T12:06:01+00:00","twitter_card":"summary_large_image","twitter_misc":{"Gesch\u00e4tzte Lesezeit":"3\u00a0Minuten"},"schema":{"@context":"https:\/\/schema.org","@graph":[{"@type":"WebPage","@id":"https:\/\/man-in-tree.at\/?page_id=6241","url":"https:\/\/man-in-tree.at\/?page_id=6241","name":"Impressum &#8211; Man in TrEE","isPartOf":{"@id":"https:\/\/man-in-tree.at\/#website"},"datePublished":"2018-02-16T06:51:19+00:00","dateModified":"2023-11-09T12:06:01+00:00","breadcrumb":{"@id":"https:\/\/man-in-tree.at\/?page_id=6241#breadcrumb"},"inLanguage":"de","potentialAction":[{"@type":"ReadAction","target":["https:\/\/man-in-tree.at\/?page_id=6241"]}]},{"@type":"BreadcrumbList","@id":"https:\/\/man-in-tree.at\/?page_id=6241#breadcrumb","itemListElement":[{"@type":"ListItem","position":1,"name":"Startseite","item":"https:\/\/man-in-tree.at\/"},{"@type":"ListItem","position":2,"name":"Impressum"}]},{"@type":"WebSite","@id":"https:\/\/man-in-tree.at\/#website","url":"https:\/\/man-in-tree.at\/","name":"Man in TrEE","description":"MAN IN TrEE Baumabtragungen Brennholz Holzschl\u00e4gerung Spezialf\u00e4llungen","publisher":{"@id":"https:\/\/man-in-tree.at\/#organization"},"potentialAction":[{"@type":"SearchAction","target":{"@type":"EntryPoint","urlTemplate":"https:\/\/man-in-tree.at\/?s={search_term_string}"},"query-input":{"@type":"PropertyValueSpecification","valueRequired":true,"valueName":"search_term_string"}}],"inLanguage":"de"},{"@type":"Organization","@id":"https:\/\/man-in-tree.at\/#organization","name":"MAN IN TrEE \u2013 Johannes Scheiber","url":"https:\/\/man-in-tree.at\/","logo":{"@type":"ImageObject","inLanguage":"de","@id":"https:\/\/man-in-tree.at\/#\/schema\/logo\/image\/","url":"https:\/\/man-in-tree.at\/wp-content\/uploads\/2018\/02\/man-in-tree-logo.png","contentUrl":"https:\/\/man-in-tree.at\/wp-content\/uploads\/2018\/02\/man-in-tree-logo.png","width":860,"height":607,"caption":"MAN IN TrEE \u2013 Johannes Scheiber"},"image":{"@id":"https:\/\/man-in-tree.at\/#\/schema\/logo\/image\/"},"sameAs":["http:\/\/www.instagram.com\/man_in_tree10"]}]}},"_links":{"self":[{"href":"https:\/\/man-in-tree.at\/index.php?rest_route=\/wp\/v2\/pages\/6241","targetHints":{"allow":["GET"]}}],"collection":[{"href":"https:\/\/man-in-tree.at\/index.php?rest_route=\/wp\/v2\/pages"}],"about":[{"href":"https:\/\/man-in-tree.at\/index.php?rest_route=\/wp\/v2\/types\/page"}],"author":[{"embeddable":true,"href":"https:\/\/man-in-tree.at\/index.php?rest_route=\/wp\/v2\/users\/1"}],"replies":[{"embeddable":true,"href":"https:\/\/man-in-tree.at\/index.php?rest_route=%2Fwp%2Fv2%2Fcomments&post=6241"}],"version-history":[{"count":6,"href":"https:\/\/man-in-tree.at\/index.php?rest_route=\/wp\/v2\/pages\/6241\/revisions"}],"predecessor-version":[{"id":6343,"href":"https:\/\/man-in-tree.at\/index.php?rest_route=\/wp\/v2\/pages\/6241\/revisions\/6343"}],"wp:attachment":[{"href":"https:\/\/man-in-tree.at\/index.php?rest_route=%2Fwp%2Fv2%2Fmedia&parent=6241"}],"curies":[{"name":"wp","href":"https:\/\/api.w.org\/{rel}","templated":true}]}}